{"id":2,"date":"2016-11-03T15:31:32","date_gmt":"2016-11-03T14:31:32","guid":{"rendered":"http:\/\/leadergotland.se\/?page_id=2"},"modified":"2025-10-19T22:54:44","modified_gmt":"2025-10-19T20:54:44","slug":"hem","status":"publish","type":"page","link":"https:\/\/www.leadergotland.se\/","title":{"rendered":"Hem"},"content":{"rendered":"\n\n\t<h1>  <strong>Leader Gotland<\/strong><\/h1>\n<h1>\u00a0Tillsammans f\u00f6r Gotlands landsbygd &#8211; oavsett trigger<\/h1>\n<h2>\u00a0<\/h2>\n\t<h2>&#8211; Leader Gotland\u00a0&#8211;<br \/>\n Ett leader-projekt f\u00f6r Gotlands\u00a0landsbygd<\/h2>\n\t<p>Ordet LEADER\u00a0\u00e4r en f\u00f6rkortning av franskans Liaison <em>Entre Actions de D\u00e8veloppement de l\u00b4Economie Rurale,\u00a0<\/em>som\u00a0betyder &#8221;samordnade aktiviteter f\u00f6r ekonomisk utveckling p\u00e5 landsbygden&#8221;.<\/p>\n<p>Leader-projekt finns \u00f6ver hela Sverige och d\u00e4rf\u00f6r vill \u00e4ven Gotland vara med, tillsammans kan vi v\u00e4rna om Gotlands landsbygd.<\/p>\n\t<h3>Vad \u00e4r Leader?<br \/>\n&#8211; Ett projekt med samarbete\u00a0&#8211;<\/h3>\n<p>Leader \u00e4r ett\u00a0s\u00e4tt\u00a0att utveckla bygden\u00a0utifr\u00e5n de\u00a0f\u00f6ruts\u00e4ttningar som finns just hos dig. <\/p>\n<p>Man tar fram en\u00a0utvecklingsstrategi d\u00e4r man v\u00e4ljer vilka insatser\u00a0som ska\u00a0prioriteras f\u00f6r under kommande programperiod. Metoden bygger p\u00e5 samarbete mellan olika sektorer och akt\u00f6rer inom ett visst omr\u00e5de. Det sker utifr\u00e5n lokala initiativ och f\u00f6ruts\u00e4ttningar. Det \u00e4r alla som bor d\u00e4r som tillsammans driver det fram\u00e5t. <\/p>\n<p>En godk\u00e4nd utvecklingsstrategi g\u00f6r att\u00a0omr\u00e5det i fr\u00e5ga f\u00e5r en budget f\u00f6r utvecklingsprojektet. Alla\u00a0som har id\u00e9er som bidrar till utveckling kan s\u00f6ka st\u00f6d fr\u00e5n leaderomr\u00e5det f\u00f6r att genomf\u00f6ra sitt projekt. <\/p>\n<p>Du kan l\u00e4sa mer om det p\u00e5 <a href=\"http:\/\/www.jordbruksverket.se\/\" target=\"_blank\" rel=\"noopener\">Jordbruksverkets hemsida.<\/a><\/p>\n\t<h3>Trigger<br \/>\n&#8211; Vad fick upp dina \u00f6gon f\u00f6r landsbygden? &#8211;<\/h3>\n<p>Trigger \u00e4r det engelska ordet f\u00f6r utl\u00f6sare. Och det finns m\u00e5nga utl\u00f6sande faktorer i v\u00e5r vardag. Oavsett vilken den utl\u00f6sande faktorn var f\u00f6r just dig, \u00e4r du v\u00e4lkommen att delta i LEADER-projektet. <\/p>\n<p>Det spelar heller ingen roll var du bor, oavsett om du \u00e4r stadsbo och bara har en fritidshus p\u00e5 Gotland eller om du \u00e4r bosatt h\u00e4r \u00e5ret runt, \u00e4r din hj\u00e4lp v\u00e4lkommen.<\/p>\n<p>Leader-projektet \u00e4r till f\u00f6r att alla som bryr sig om Gotlands landsbygd ska kunna hj\u00e4lpa till i det m\u00e5n de sj\u00e4lva klarar. Ingen ska k\u00e4nna press, detta \u00e4r ett projekt vi alla g\u00f6r tillsammans. <\/p>\n<p>Vi har alla samma \u00f6nskan &#8211; <strong>Att landsbygden ska bevaras p\u00e5 Gotland<\/strong>.<\/p>\n\t<h3>Igelkottsbo<br \/>\n&#8211; Ett enkelt engagemang &#8211;<\/h3>\n<p>Ett enkelt s\u00e4tt att v\u00e4rna om landsbygden \u00e4r att v\u00e4rna om djuren. Det \u00e4r under h\u00f6sten vanligt att se sm\u00e5 igelkottar springa f\u00f6rbi, b\u00e5de p\u00e5 Gotland och i \u00f6vriga Sverige. Men m\u00e5nga igelkottar saknar s\u00e4kra hem.<\/p>\n<p>\u00c4r du en m\u00e4nniska som gillar att bygga, som har en tr\u00e4dg\u00e5rd full av verktyg och br\u00e4dor? D\u00e5 kan ditt n\u00e4sta byggprojekt vara ett igelkotts. <\/p>\n<ol>\n<li>Bygg enkelt ett bo med en tr\u00e4l\u00e5da som \u00e4r ca 40x40x40 cm och en ing\u00e5ng f\u00f6r krabaten.&nbsp;<\/li>\n<li>Se till att ha ett ventilationsr\u00f6r med f\u00e5geln\u00e4t som skydd &#8211; igelkotten m\u00e5ste kunna andas!&nbsp;<\/li>\n<li>Sedan \u00e4r det bara att kleta in boet i lera, placera det p\u00e5 en st\u00f6kig plats i tr\u00e4dg\u00e5rden, g\u00e4rna n\u00e4ra ett buskage.<\/li>\n<\/ol>\n Sen l\u00e4r det inte dr\u00f6ja l\u00e4nge innan en liten igelkott hittar dit!\n\t<p>Lediga jobb p\u00e5 Gotland hittar du p\u00e5 <a href=\"https:\/\/ledigajobb.se\/lediga-jobb\/gotland\">ledigajobb.se<\/a><\/p>\n<h4>\n\t\tBilder p\u00e5 Gotlands landsbygd\n\t<\/h4>\n\t\t\t\t<img loading=\"lazy\" decoding=\"async\" src=\"https:\/\/www.leadergotland.se\/wp-content\/uploads\/2016\/11\/21958820923_9227318cf1_b.jpg\" alt=\"21958820923_9227318cf1_b\" itemprop=\"image\" height=\"680\" width=\"1024\" title=\"21958820923_9227318cf1_b\" onerror=\"this.style.display='none'\"  \/>\n\t\t\t\t<img loading=\"lazy\" decoding=\"async\" src=\"https:\/\/www.leadergotland.se\/wp-content\/uploads\/2016\/11\/photo-1474828133916-0046ce777b12.jpeg\" alt=\"photo-1474828133916-0046ce777b12\" itemprop=\"image\" height=\"2848\" width=\"4288\" title=\"photo-1474828133916-0046ce777b12\" onerror=\"this.style.display='none'\"  \/>\n\t\t\t\t<img loading=\"lazy\" decoding=\"async\" src=\"https:\/\/www.leadergotland.se\/wp-content\/uploads\/2016\/11\/photo-1442906361539-6f7052120e7b.jpeg\" alt=\"photo-1442906361539-6f7052120e7b\" itemprop=\"image\" height=\"4608\" width=\"3456\" title=\"photo-1442906361539-6f7052120e7b\" onerror=\"this.style.display='none'\"  \/>\n\t\t\t\t<img loading=\"lazy\" decoding=\"async\" src=\"https:\/\/www.leadergotland.se\/wp-content\/uploads\/2016\/11\/photo-1439024924683-6aa142f40c82.jpeg\" alt=\"photo-1439024924683-6aa142f40c82\" itemprop=\"image\" height=\"1955\" width=\"3476\" title=\"photo-1439024924683-6aa142f40c82\" onerror=\"this.style.display='none'\"  \/>\n\t\t\t\t<img loading=\"lazy\" decoding=\"async\" src=\"https:\/\/www.leadergotland.se\/wp-content\/uploads\/2016\/11\/Gotland_Rauk-Jungfru.jpg\" alt=\"gotland_rauk-jungfru\" itemprop=\"image\" height=\"960\" width=\"1280\" title=\"gotland_rauk-jungfru\" onerror=\"this.style.display='none'\"  \/>\n\t\t\t\t<img loading=\"lazy\" decoding=\"async\" src=\"https:\/\/www.leadergotland.se\/wp-content\/uploads\/2016\/11\/photo-1466059163810-56070e5d9e8a.jpeg\" alt=\"photo-1466059163810-56070e5d9e8a\" itemprop=\"image\" height=\"2000\" width=\"3000\" title=\"photo-1466059163810-56070e5d9e8a\" onerror=\"this.style.display='none'\"  \/>\n<h4>\n\t\tVill du delta i Gotlands Leader-projekt?\n\t<\/h4>\n\t<h4>2016 \u00a0&#8211; \u00a0www.leadergotland.se \u00a0&#8211; \u00a0\u00a9 Leader Gotland<\/h4>\n\n","protected":false},"excerpt":{"rendered":"<p>Leader Gotland \u00a0Tillsammans f\u00f6r Gotlands landsbygd &#8211; oavsett trigger \u00a0 &#8211; Leader Gotland\u00a0&#8211; Ett leader-projekt f\u00f6r Gotlands\u00a0landsbygd Ordet LEADER\u00a0\u00e4r en f\u00f6rkortning av franskans Liaison Entre Actions de D\u00e8veloppement de l\u00b4Economie Rurale,\u00a0som\u00a0betyder &#8221;samordnade aktiviteter f\u00f6r ekonomisk utveckling p\u00e5 landsbygden&#8221;. Leader-projekt finns \u00f6ver hela Sverige och d\u00e4rf\u00f6r vill \u00e4ven Gotland vara med, tillsammans kan vi v\u00e4rna om&hellip;<\/p>\n","protected":false},"author":1,"featured_media":0,"parent":0,"menu_order":0,"comment_status":"closed","ping_status":"open","template":"tpl-no-header-footer.php","meta":{"footnotes":""},"class_list":["post-2","page","type-page","status-publish","hentry"],"yoast_head":"<!-- This site is optimized with the Yoast SEO plugin v27.4 - https:\/\/yoast.com\/product\/yoast-seo-wordpress\/ -->\n<title>Leader Gotland - Tillsammans f\u00f6r Gotlands landsbygd - oavsett trigger<\/title>\n<meta name=\"robots\" content=\"index, follow, max-snippet:-1, max-image-preview:large, max-video-preview:-1\" \/>\n<link rel=\"canonical\" href=\"https:\/\/www.leadergotland.se\/\" \/>\n<meta property=\"og:locale\" content=\"sv_SE\" \/>\n<meta property=\"og:type\" content=\"article\" \/>\n<meta property=\"og:title\" content=\"Leader Gotland - Tillsammans f\u00f6r Gotlands landsbygd - oavsett trigger\" \/>\n<meta property=\"og:description\" content=\"Leader Gotland \u00a0Tillsammans f\u00f6r Gotlands landsbygd &#8211; oavsett trigger \u00a0 &#8211; Leader Gotland\u00a0&#8211; Ett leader-projekt f\u00f6r Gotlands\u00a0landsbygd Ordet LEADER\u00a0\u00e4r en f\u00f6rkortning av franskans Liaison Entre Actions de D\u00e8veloppement de l\u00b4Economie Rurale,\u00a0som\u00a0betyder &#8221;samordnade aktiviteter f\u00f6r ekonomisk utveckling p\u00e5 landsbygden&#8221;. Leader-projekt finns \u00f6ver hela Sverige och d\u00e4rf\u00f6r vill \u00e4ven Gotland vara med, tillsammans kan vi v\u00e4rna om&hellip;\" \/>\n<meta property=\"og:url\" content=\"https:\/\/www.leadergotland.se\/\" \/>\n<meta property=\"og:site_name\" content=\"Leader Gotland\" \/>\n<meta property=\"article:modified_time\" content=\"2025-10-19T20:54:44+00:00\" \/>\n<meta property=\"og:image\" content=\"https:\/\/www.leadergotland.se\/wp-content\/uploads\/2016\/11\/21958820923_9227318cf1_b.jpg\" \/>\n<meta name=\"twitter:card\" content=\"summary_large_image\" \/>\n<meta name=\"twitter:label1\" content=\"Ber\u00e4knad l\u00e4stid\" \/>\n\t<meta name=\"twitter:data1\" content=\"4 minuter\" \/>\n<script type=\"application\/ld+json\" class=\"yoast-schema-graph\">{\"@context\":\"https:\\\/\\\/schema.org\",\"@graph\":[{\"@type\":\"WebPage\",\"@id\":\"https:\\\/\\\/www.leadergotland.se\\\/\",\"url\":\"https:\\\/\\\/www.leadergotland.se\\\/\",\"name\":\"Leader Gotland - Tillsammans f\u00f6r Gotlands landsbygd - oavsett trigger\",\"isPartOf\":{\"@id\":\"https:\\\/\\\/www.leadergotland.se\\\/#website\"},\"primaryImageOfPage\":{\"@id\":\"https:\\\/\\\/www.leadergotland.se\\\/#primaryimage\"},\"image\":{\"@id\":\"https:\\\/\\\/www.leadergotland.se\\\/#primaryimage\"},\"thumbnailUrl\":\"https:\\\/\\\/www.leadergotland.se\\\/wp-content\\\/uploads\\\/2016\\\/11\\\/21958820923_9227318cf1_b.jpg\",\"datePublished\":\"2016-11-03T14:31:32+00:00\",\"dateModified\":\"2025-10-19T20:54:44+00:00\",\"breadcrumb\":{\"@id\":\"https:\\\/\\\/www.leadergotland.se\\\/#breadcrumb\"},\"inLanguage\":\"sv-SE\",\"potentialAction\":[{\"@type\":\"ReadAction\",\"target\":[\"https:\\\/\\\/www.leadergotland.se\\\/\"]}]},{\"@type\":\"ImageObject\",\"inLanguage\":\"sv-SE\",\"@id\":\"https:\\\/\\\/www.leadergotland.se\\\/#primaryimage\",\"url\":\"https:\\\/\\\/www.leadergotland.se\\\/wp-content\\\/uploads\\\/2016\\\/11\\\/21958820923_9227318cf1_b.jpg\",\"contentUrl\":\"https:\\\/\\\/www.leadergotland.se\\\/wp-content\\\/uploads\\\/2016\\\/11\\\/21958820923_9227318cf1_b.jpg\",\"width\":1024,\"height\":680},{\"@type\":\"BreadcrumbList\",\"@id\":\"https:\\\/\\\/www.leadergotland.se\\\/#breadcrumb\",\"itemListElement\":[{\"@type\":\"ListItem\",\"position\":1,\"name\":\"Hem\",\"item\":\"https:\\\/\\\/www.leadergotland.se\\\/\"},{\"@type\":\"ListItem\",\"position\":2,\"name\":\"Hem\"}]},{\"@type\":\"WebSite\",\"@id\":\"https:\\\/\\\/www.leadergotland.se\\\/#website\",\"url\":\"https:\\\/\\\/www.leadergotland.se\\\/\",\"name\":\"Leader Gotland\",\"description\":\"Tillsammans f\u00f6r Gotlands landsbygd\",\"potentialAction\":[{\"@type\":\"SearchAction\",\"target\":{\"@type\":\"EntryPoint\",\"urlTemplate\":\"https:\\\/\\\/www.leadergotland.se\\\/?s={search_term_string}\"},\"query-input\":{\"@type\":\"PropertyValueSpecification\",\"valueRequired\":true,\"valueName\":\"search_term_string\"}}],\"inLanguage\":\"sv-SE\"}]}<\/script>\n<!-- \/ Yoast SEO plugin. -->","yoast_head_json":{"title":"Leader Gotland - Tillsammans f\u00f6r Gotlands landsbygd - oavsett trigger","robots":{"index":"index","follow":"follow","max-snippet":"max-snippet:-1","max-image-preview":"max-image-preview:large","max-video-preview":"max-video-preview:-1"},"canonical":"https:\/\/www.leadergotland.se\/","og_locale":"sv_SE","og_type":"article","og_title":"Leader Gotland - Tillsammans f\u00f6r Gotlands landsbygd - oavsett trigger","og_description":"Leader Gotland \u00a0Tillsammans f\u00f6r Gotlands landsbygd &#8211; oavsett trigger \u00a0 &#8211; Leader Gotland\u00a0&#8211; Ett leader-projekt f\u00f6r Gotlands\u00a0landsbygd Ordet LEADER\u00a0\u00e4r en f\u00f6rkortning av franskans Liaison Entre Actions de D\u00e8veloppement de l\u00b4Economie Rurale,\u00a0som\u00a0betyder &#8221;samordnade aktiviteter f\u00f6r ekonomisk utveckling p\u00e5 landsbygden&#8221;. Leader-projekt finns \u00f6ver hela Sverige och d\u00e4rf\u00f6r vill \u00e4ven Gotland vara med, tillsammans kan vi v\u00e4rna om&hellip;","og_url":"https:\/\/www.leadergotland.se\/","og_site_name":"Leader Gotland","article_modified_time":"2025-10-19T20:54:44+00:00","og_image":[{"url":"https:\/\/www.leadergotland.se\/wp-content\/uploads\/2016\/11\/21958820923_9227318cf1_b.jpg","type":"","width":"","height":""}],"twitter_card":"summary_large_image","twitter_misc":{"Ber\u00e4knad l\u00e4stid":"4 minuter"},"schema":{"@context":"https:\/\/schema.org","@graph":[{"@type":"WebPage","@id":"https:\/\/www.leadergotland.se\/","url":"https:\/\/www.leadergotland.se\/","name":"Leader Gotland - Tillsammans f\u00f6r Gotlands landsbygd - oavsett trigger","isPartOf":{"@id":"https:\/\/www.leadergotland.se\/#website"},"primaryImageOfPage":{"@id":"https:\/\/www.leadergotland.se\/#primaryimage"},"image":{"@id":"https:\/\/www.leadergotland.se\/#primaryimage"},"thumbnailUrl":"https:\/\/www.leadergotland.se\/wp-content\/uploads\/2016\/11\/21958820923_9227318cf1_b.jpg","datePublished":"2016-11-03T14:31:32+00:00","dateModified":"2025-10-19T20:54:44+00:00","breadcrumb":{"@id":"https:\/\/www.leadergotland.se\/#breadcrumb"},"inLanguage":"sv-SE","potentialAction":[{"@type":"ReadAction","target":["https:\/\/www.leadergotland.se\/"]}]},{"@type":"ImageObject","inLanguage":"sv-SE","@id":"https:\/\/www.leadergotland.se\/#primaryimage","url":"https:\/\/www.leadergotland.se\/wp-content\/uploads\/2016\/11\/21958820923_9227318cf1_b.jpg","contentUrl":"https:\/\/www.leadergotland.se\/wp-content\/uploads\/2016\/11\/21958820923_9227318cf1_b.jpg","width":1024,"height":680},{"@type":"BreadcrumbList","@id":"https:\/\/www.leadergotland.se\/#breadcrumb","itemListElement":[{"@type":"ListItem","position":1,"name":"Hem","item":"https:\/\/www.leadergotland.se\/"},{"@type":"ListItem","position":2,"name":"Hem"}]},{"@type":"WebSite","@id":"https:\/\/www.leadergotland.se\/#website","url":"https:\/\/www.leadergotland.se\/","name":"Leader Gotland","description":"Tillsammans f\u00f6r Gotlands landsbygd","potentialAction":[{"@type":"SearchAction","target":{"@type":"EntryPoint","urlTemplate":"https:\/\/www.leadergotland.se\/?s={search_term_string}"},"query-input":{"@type":"PropertyValueSpecification","valueRequired":true,"valueName":"search_term_string"}}],"inLanguage":"sv-SE"}]}},"_links":{"self":[{"href":"https:\/\/www.leadergotland.se\/index.php\/wp-json\/wp\/v2\/pages\/2","targetHints":{"allow":["GET"]}}],"collection":[{"href":"https:\/\/www.leadergotland.se\/index.php\/wp-json\/wp\/v2\/pages"}],"about":[{"href":"https:\/\/www.leadergotland.se\/index.php\/wp-json\/wp\/v2\/types\/page"}],"author":[{"embeddable":true,"href":"https:\/\/www.leadergotland.se\/index.php\/wp-json\/wp\/v2\/users\/1"}],"replies":[{"embeddable":true,"href":"https:\/\/www.leadergotland.se\/index.php\/wp-json\/wp\/v2\/comments?post=2"}],"version-history":[{"count":19,"href":"https:\/\/www.leadergotland.se\/index.php\/wp-json\/wp\/v2\/pages\/2\/revisions"}],"predecessor-version":[{"id":39,"href":"https:\/\/www.leadergotland.se\/index.php\/wp-json\/wp\/v2\/pages\/2\/revisions\/39"}],"wp:attachment":[{"href":"https:\/\/www.leadergotland.se\/index.php\/wp-json\/wp\/v2\/media?parent=2"}],"curies":[{"name":"wp","href":"https:\/\/api.w.org\/{rel}","templated":true}]}}